{"id":1418,"date":"2025-07-01T22:42:58","date_gmt":"2025-07-01T20:42:58","guid":{"rendered":"https:\/\/toucom.eu\/?page_id=1418"},"modified":"2026-01-03T14:50:57","modified_gmt":"2026-01-03T13:50:57","slug":"toucom-trophees-jemeppe-sure-meuse-seraing-trophees-medailles","status":"publish","type":"page","link":"https:\/\/toucom.eu\/index.php\/toucom-trophees-jemeppe-sure-meuse-seraing-trophees-medailles\/","title":{"rendered":"Troph\u00e9es , m\u00e9dailles,fanions,pin&#8217;s,\u00e9charpe,&#8230;"},"content":{"rendered":"\n<figure class=\"wp-block-gallery has-nested-images columns-default is-cropped wp-block-gallery-1 is-layout-flex wp-block-gallery-is-layout-flex\">\n<figure class=\"wp-block-image size-large\"><img loading=\"lazy\" decoding=\"async\" width=\"759\" height=\"1024\" data-id=\"1484\" src=\"https:\/\/toucom.eu\/wp-content\/uploads\/2025\/07\/489921542_1097495525727422_2444467665413932260_n-759x1024.jpg\" alt=\"toucom , troph\u00e9e coupe , fanion , \u00e9charpe\" class=\"wp-image-1484\" srcset=\"https:\/\/toucom.eu\/wp-content\/uploads\/2025\/07\/489921542_1097495525727422_2444467665413932260_n-759x1024.jpg 759w, https:\/\/toucom.eu\/wp-content\/uploads\/2025\/07\/489921542_1097495525727422_2444467665413932260_n-222x300.jpg 222w, https:\/\/toucom.eu\/wp-content\/uploads\/2025\/07\/489921542_1097495525727422_2444467665413932260_n-768x1036.jpg 768w, https:\/\/toucom.eu\/wp-content\/uploads\/2025\/07\/489921542_1097495525727422_2444467665413932260_n-1139x1536.jpg 1139w, https:\/\/toucom.eu\/wp-content\/uploads\/2025\/07\/489921542_1097495525727422_2444467665413932260_n-1320x1781.jpg 1320w, https:\/\/toucom.eu\/wp-content\/uploads\/2025\/07\/489921542_1097495525727422_2444467665413932260_n-600x809.jpg 600w, https:\/\/toucom.eu\/wp-content\/uploads\/2025\/07\/489921542_1097495525727422_2444467665413932260_n.jpg 1518w\" sizes=\"auto, (max-width: 759px) 100vw, 759px\" \/><\/figure>\n\n\n\n<figure class=\"wp-block-image size-large\"><img loading=\"lazy\" decoding=\"async\" width=\"768\" height=\"1024\" data-id=\"1458\" src=\"https:\/\/toucom.eu\/wp-content\/uploads\/2025\/07\/488777891_1097495739060734_4124256114964407418_n-768x1024.jpg\" alt=\"\" class=\"wp-image-1458\" srcset=\"https:\/\/toucom.eu\/wp-content\/uploads\/2025\/07\/488777891_1097495739060734_4124256114964407418_n-768x1024.jpg 768w, https:\/\/toucom.eu\/wp-content\/uploads\/2025\/07\/488777891_1097495739060734_4124256114964407418_n-225x300.jpg 225w, https:\/\/toucom.eu\/wp-content\/uploads\/2025\/07\/488777891_1097495739060734_4124256114964407418_n-1152x1536.jpg 1152w, https:\/\/toucom.eu\/wp-content\/uploads\/2025\/07\/488777891_1097495739060734_4124256114964407418_n-1320x1760.jpg 1320w, https:\/\/toucom.eu\/wp-content\/uploads\/2025\/07\/488777891_1097495739060734_4124256114964407418_n-600x800.jpg 600w, https:\/\/toucom.eu\/wp-content\/uploads\/2025\/07\/488777891_1097495739060734_4124256114964407418_n.jpg 1536w\" sizes=\"auto, (max-width: 768px) 100vw, 768px\" \/><\/figure>\n\n\n\n<figure class=\"wp-block-image size-large\"><img loading=\"lazy\" decoding=\"async\" width=\"768\" height=\"1024\" data-id=\"1419\" src=\"https:\/\/toucom.eu\/wp-content\/uploads\/2025\/07\/503906144_1143852754425032_5311730185498890400_n-768x1024.jpg\" alt=\"\" class=\"wp-image-1419\" srcset=\"https:\/\/toucom.eu\/wp-content\/uploads\/2025\/07\/503906144_1143852754425032_5311730185498890400_n-768x1024.jpg 768w, https:\/\/toucom.eu\/wp-content\/uploads\/2025\/07\/503906144_1143852754425032_5311730185498890400_n-225x300.jpg 225w, https:\/\/toucom.eu\/wp-content\/uploads\/2025\/07\/503906144_1143852754425032_5311730185498890400_n-1152x1536.jpg 1152w, https:\/\/toucom.eu\/wp-content\/uploads\/2025\/07\/503906144_1143852754425032_5311730185498890400_n-1320x1760.jpg 1320w, https:\/\/toucom.eu\/wp-content\/uploads\/2025\/07\/503906144_1143852754425032_5311730185498890400_n-600x800.jpg 600w, https:\/\/toucom.eu\/wp-content\/uploads\/2025\/07\/503906144_1143852754425032_5311730185498890400_n.jpg 1536w\" sizes=\"auto, (max-width: 768px) 100vw, 768px\" \/><\/figure>\n<\/figure>\n\n\n\n<figure class=\"wp-block-image size-large\"><img loading=\"lazy\" decoding=\"async\" width=\"1024\" height=\"768\" src=\"https:\/\/toucom.eu\/wp-content\/uploads\/2026\/01\/IMG_7790-1024x768.jpeg\" alt=\"\" class=\"wp-image-1508\" srcset=\"https:\/\/toucom.eu\/wp-content\/uploads\/2026\/01\/IMG_7790-1024x768.jpeg 1024w, https:\/\/toucom.eu\/wp-content\/uploads\/2026\/01\/IMG_7790-300x225.jpeg 300w, https:\/\/toucom.eu\/wp-content\/uploads\/2026\/01\/IMG_7790-768x576.jpeg 768w, https:\/\/toucom.eu\/wp-content\/uploads\/2026\/01\/IMG_7790-1536x1152.jpeg 1536w, https:\/\/toucom.eu\/wp-content\/uploads\/2026\/01\/IMG_7790-1320x990.jpeg 1320w, https:\/\/toucom.eu\/wp-content\/uploads\/2026\/01\/IMG_7790-600x450.jpeg 600w, https:\/\/toucom.eu\/wp-content\/uploads\/2026\/01\/IMG_7790-rotated.jpeg 2048w\" sizes=\"auto, (max-width: 1024px) 100vw, 1024px\" \/><\/figure>\n\n\n\n<figure class=\"wp-block-image size-large\"><img loading=\"lazy\" decoding=\"async\" width=\"1024\" height=\"643\" src=\"https:\/\/toucom.eu\/wp-content\/uploads\/2025\/07\/Sans-titre-1024x643.jpeg\" alt=\"\" class=\"wp-image-1481\" srcset=\"https:\/\/toucom.eu\/wp-content\/uploads\/2025\/07\/Sans-titre-1024x643.jpeg 1024w, https:\/\/toucom.eu\/wp-content\/uploads\/2025\/07\/Sans-titre-300x188.jpeg 300w, https:\/\/toucom.eu\/wp-content\/uploads\/2025\/07\/Sans-titre-768x482.jpeg 768w, https:\/\/toucom.eu\/wp-content\/uploads\/2025\/07\/Sans-titre-1536x964.jpeg 1536w, https:\/\/toucom.eu\/wp-content\/uploads\/2025\/07\/Sans-titre-1320x829.jpeg 1320w, https:\/\/toucom.eu\/wp-content\/uploads\/2025\/07\/Sans-titre-600x377.jpeg 600w, https:\/\/toucom.eu\/wp-content\/uploads\/2025\/07\/Sans-titre.jpeg 1679w\" sizes=\"auto, (max-width: 1024px) 100vw, 1024px\" \/><\/figure>\n\n\n\n<figure class=\"wp-block-gallery has-nested-images columns-default is-cropped wp-block-gallery-2 is-layout-flex wp-block-gallery-is-layout-flex\">\n<figure class=\"wp-block-image size-large\"><img loading=\"lazy\" decoding=\"async\" width=\"1024\" height=\"768\" data-id=\"1507\" src=\"https:\/\/toucom.eu\/wp-content\/uploads\/2026\/01\/IMG_7789-1024x768.jpeg\" alt=\"\" class=\"wp-image-1507\" srcset=\"https:\/\/toucom.eu\/wp-content\/uploads\/2026\/01\/IMG_7789-1024x768.jpeg 1024w, https:\/\/toucom.eu\/wp-content\/uploads\/2026\/01\/IMG_7789-300x225.jpeg 300w, https:\/\/toucom.eu\/wp-content\/uploads\/2026\/01\/IMG_7789-768x576.jpeg 768w, https:\/\/toucom.eu\/wp-content\/uploads\/2026\/01\/IMG_7789-1536x1152.jpeg 1536w, https:\/\/toucom.eu\/wp-content\/uploads\/2026\/01\/IMG_7789-1320x990.jpeg 1320w, https:\/\/toucom.eu\/wp-content\/uploads\/2026\/01\/IMG_7789-600x450.jpeg 600w, https:\/\/toucom.eu\/wp-content\/uploads\/2026\/01\/IMG_7789-rotated.jpeg 2048w\" sizes=\"auto, (max-width: 1024px) 100vw, 1024px\" \/><\/figure>\n\n\n\n<figure class=\"wp-block-image size-large\"><img loading=\"lazy\" decoding=\"async\" width=\"768\" height=\"1024\" data-id=\"1505\" src=\"https:\/\/toucom.eu\/wp-content\/uploads\/2026\/01\/IMG_7787-768x1024.jpeg\" alt=\"\" class=\"wp-image-1505\" srcset=\"https:\/\/toucom.eu\/wp-content\/uploads\/2026\/01\/IMG_7787-768x1024.jpeg 768w, https:\/\/toucom.eu\/wp-content\/uploads\/2026\/01\/IMG_7787-225x300.jpeg 225w, https:\/\/toucom.eu\/wp-content\/uploads\/2026\/01\/IMG_7787-1152x1536.jpeg 1152w, https:\/\/toucom.eu\/wp-content\/uploads\/2026\/01\/IMG_7787-1320x1760.jpeg 1320w, https:\/\/toucom.eu\/wp-content\/uploads\/2026\/01\/IMG_7787-600x800.jpeg 600w, https:\/\/toucom.eu\/wp-content\/uploads\/2026\/01\/IMG_7787.jpeg 1536w\" sizes=\"auto, (max-width: 768px) 100vw, 768px\" \/><\/figure>\n<\/figure>\n\n\n\n<figure class=\"wp-block-image size-large\"><img loading=\"lazy\" decoding=\"async\" width=\"1024\" height=\"768\" src=\"https:\/\/toucom.eu\/wp-content\/uploads\/2026\/01\/IMG_7788-1024x768.jpeg\" alt=\"\" class=\"wp-image-1506\" srcset=\"https:\/\/toucom.eu\/wp-content\/uploads\/2026\/01\/IMG_7788-1024x768.jpeg 1024w, https:\/\/toucom.eu\/wp-content\/uploads\/2026\/01\/IMG_7788-300x225.jpeg 300w, https:\/\/toucom.eu\/wp-content\/uploads\/2026\/01\/IMG_7788-768x576.jpeg 768w, https:\/\/toucom.eu\/wp-content\/uploads\/2026\/01\/IMG_7788-1536x1152.jpeg 1536w, https:\/\/toucom.eu\/wp-content\/uploads\/2026\/01\/IMG_7788-1320x990.jpeg 1320w, https:\/\/toucom.eu\/wp-content\/uploads\/2026\/01\/IMG_7788-600x450.jpeg 600w, https:\/\/toucom.eu\/wp-content\/uploads\/2026\/01\/IMG_7788-rotated.jpeg 2048w\" sizes=\"auto, (max-width: 1024px) 100vw, 1024px\" \/><\/figure>\n\n\n\n<figure class=\"wp-block-image size-large\"><img loading=\"lazy\" decoding=\"async\" width=\"1024\" height=\"768\" src=\"https:\/\/toucom.eu\/wp-content\/uploads\/2025\/07\/medaille-toucom_.jpeg\" alt=\"\" class=\"wp-image-1420\" srcset=\"https:\/\/toucom.eu\/wp-content\/uploads\/2025\/07\/medaille-toucom_.jpeg 1024w, https:\/\/toucom.eu\/wp-content\/uploads\/2025\/07\/medaille-toucom_-300x225.jpeg 300w, https:\/\/toucom.eu\/wp-content\/uploads\/2025\/07\/medaille-toucom_-768x576.jpeg 768w, https:\/\/toucom.eu\/wp-content\/uploads\/2025\/07\/medaille-toucom_-600x450.jpeg 600w\" sizes=\"auto, (max-width: 1024px) 100vw, 1024px\" \/><\/figure>\n\n\n\n<figure class=\"wp-block-image size-large\"><img loading=\"lazy\" decoding=\"async\" width=\"1024\" height=\"768\" src=\"https:\/\/toucom.eu\/wp-content\/uploads\/2025\/07\/487454294_1092759086201066_850613400254512491_n-1024x768.jpg\" alt=\"\" class=\"wp-image-1478\" srcset=\"https:\/\/toucom.eu\/wp-content\/uploads\/2025\/07\/487454294_1092759086201066_850613400254512491_n-1024x768.jpg 1024w, https:\/\/toucom.eu\/wp-content\/uploads\/2025\/07\/487454294_1092759086201066_850613400254512491_n-300x225.jpg 300w, https:\/\/toucom.eu\/wp-content\/uploads\/2025\/07\/487454294_1092759086201066_850613400254512491_n-768x576.jpg 768w, https:\/\/toucom.eu\/wp-content\/uploads\/2025\/07\/487454294_1092759086201066_850613400254512491_n-1536x1152.jpg 1536w, https:\/\/toucom.eu\/wp-content\/uploads\/2025\/07\/487454294_1092759086201066_850613400254512491_n-1320x990.jpg 1320w, https:\/\/toucom.eu\/wp-content\/uploads\/2025\/07\/487454294_1092759086201066_850613400254512491_n-600x450.jpg 600w, https:\/\/toucom.eu\/wp-content\/uploads\/2025\/07\/487454294_1092759086201066_850613400254512491_n.jpg 2048w\" sizes=\"auto, (max-width: 1024px) 100vw, 1024px\" \/><\/figure>\n\n\n\n<figure class=\"wp-block-image size-large\"><img loading=\"lazy\" decoding=\"async\" width=\"1024\" height=\"644\" src=\"https:\/\/toucom.eu\/wp-content\/uploads\/2025\/07\/IMG_6347-1024x644.jpeg\" alt=\"\" class=\"wp-image-1422\" srcset=\"https:\/\/toucom.eu\/wp-content\/uploads\/2025\/07\/IMG_6347-1024x644.jpeg 1024w, https:\/\/toucom.eu\/wp-content\/uploads\/2025\/07\/IMG_6347-300x189.jpeg 300w, https:\/\/toucom.eu\/wp-content\/uploads\/2025\/07\/IMG_6347-768x483.jpeg 768w, https:\/\/toucom.eu\/wp-content\/uploads\/2025\/07\/IMG_6347-1536x966.jpeg 1536w, https:\/\/toucom.eu\/wp-content\/uploads\/2025\/07\/IMG_6347-1320x830.jpeg 1320w, https:\/\/toucom.eu\/wp-content\/uploads\/2025\/07\/IMG_6347-600x377.jpeg 600w, https:\/\/toucom.eu\/wp-content\/uploads\/2025\/07\/IMG_6347.jpeg 2026w\" sizes=\"auto, (max-width: 1024px) 100vw, 1024px\" \/><\/figure>\n\n\n\n<figure class=\"wp-block-image size-large\"><img loading=\"lazy\" decoding=\"async\" width=\"1024\" height=\"768\" src=\"https:\/\/toucom.eu\/wp-content\/uploads\/2025\/07\/503276061_1143324344477873_1165204782326274048_n-1024x768.jpg\" alt=\"\" class=\"wp-image-1476\" srcset=\"https:\/\/toucom.eu\/wp-content\/uploads\/2025\/07\/503276061_1143324344477873_1165204782326274048_n-1024x768.jpg 1024w, https:\/\/toucom.eu\/wp-content\/uploads\/2025\/07\/503276061_1143324344477873_1165204782326274048_n-300x225.jpg 300w, https:\/\/toucom.eu\/wp-content\/uploads\/2025\/07\/503276061_1143324344477873_1165204782326274048_n-768x576.jpg 768w, https:\/\/toucom.eu\/wp-content\/uploads\/2025\/07\/503276061_1143324344477873_1165204782326274048_n-1536x1152.jpg 1536w, https:\/\/toucom.eu\/wp-content\/uploads\/2025\/07\/503276061_1143324344477873_1165204782326274048_n-1320x990.jpg 1320w, https:\/\/toucom.eu\/wp-content\/uploads\/2025\/07\/503276061_1143324344477873_1165204782326274048_n-600x450.jpg 600w, https:\/\/toucom.eu\/wp-content\/uploads\/2025\/07\/503276061_1143324344477873_1165204782326274048_n.jpg 2048w\" sizes=\"auto, (max-width: 1024px) 100vw, 1024px\" \/><\/figure>\n\n\n\n<figure class=\"wp-block-image size-large\"><img loading=\"lazy\" decoding=\"async\" width=\"1024\" height=\"768\" src=\"https:\/\/toucom.eu\/wp-content\/uploads\/2025\/07\/488496450_1095459712597670_1490488696335839192_n-1024x768.jpg\" alt=\"\" class=\"wp-image-1423\" srcset=\"https:\/\/toucom.eu\/wp-content\/uploads\/2025\/07\/488496450_1095459712597670_1490488696335839192_n-1024x768.jpg 1024w, https:\/\/toucom.eu\/wp-content\/uploads\/2025\/07\/488496450_1095459712597670_1490488696335839192_n-300x225.jpg 300w, https:\/\/toucom.eu\/wp-content\/uploads\/2025\/07\/488496450_1095459712597670_1490488696335839192_n-768x576.jpg 768w, https:\/\/toucom.eu\/wp-content\/uploads\/2025\/07\/488496450_1095459712597670_1490488696335839192_n-1536x1152.jpg 1536w, https:\/\/toucom.eu\/wp-content\/uploads\/2025\/07\/488496450_1095459712597670_1490488696335839192_n-1320x990.jpg 1320w, https:\/\/toucom.eu\/wp-content\/uploads\/2025\/07\/488496450_1095459712597670_1490488696335839192_n-600x450.jpg 600w, https:\/\/toucom.eu\/wp-content\/uploads\/2025\/07\/488496450_1095459712597670_1490488696335839192_n.jpg 2048w\" sizes=\"auto, (max-width: 1024px) 100vw, 1024px\" \/><\/figure>\n\n\n\n<figure class=\"wp-block-image size-large\"><img loading=\"lazy\" decoding=\"async\" width=\"1024\" height=\"768\" src=\"https:\/\/toucom.eu\/wp-content\/uploads\/2025\/07\/medaille-toucom.jpeg\" alt=\"\" class=\"wp-image-1421\" srcset=\"https:\/\/toucom.eu\/wp-content\/uploads\/2025\/07\/medaille-toucom.jpeg 1024w, https:\/\/toucom.eu\/wp-content\/uploads\/2025\/07\/medaille-toucom-300x225.jpeg 300w, https:\/\/toucom.eu\/wp-content\/uploads\/2025\/07\/medaille-toucom-768x576.jpeg 768w, https:\/\/toucom.eu\/wp-content\/uploads\/2025\/07\/medaille-toucom-600x450.jpeg 600w\" sizes=\"auto, (max-width: 1024px) 100vw, 1024px\" \/><\/figure>\n","protected":false},"excerpt":{"rendered":"","protected":false},"author":1,"featured_media":0,"parent":0,"menu_order":0,"comment_status":"closed","ping_status":"closed","template":"","meta":{"footnotes":""},"class_list":["post-1418","page","type-page","status-publish","hentry"],"yoast_head":"<!-- This site is optimized with the Yoast SEO plugin v24.9 - https:\/\/yoast.com\/wordpress\/plugins\/seo\/ -->\n<title>Troph\u00e9es , m\u00e9dailles,fanions,pin&#039;s,\u00e9charpe,... - Toucom<\/title>\n<meta name=\"description\" content=\"troph\u00e9es , m\u00e9dailles, coupe, vainqueur,podium ,toucom, impression , gravure\" \/>\n<meta name=\"robots\" content=\"index, follow, max-snippet:-1, max-image-preview:large, max-video-preview:-1\" \/>\n<link rel=\"canonical\" href=\"https:\/\/toucom.eu\/index.php\/toucom-trophees-jemeppe-sure-meuse-seraing-trophees-medailles\/\" \/>\n<meta property=\"og:locale\" content=\"fr_FR\" \/>\n<meta property=\"og:type\" content=\"article\" \/>\n<meta property=\"og:title\" content=\"Troph\u00e9es , m\u00e9dailles,fanions,pin&#039;s,\u00e9charpe,... - Toucom\" \/>\n<meta property=\"og:description\" content=\"troph\u00e9es , m\u00e9dailles, coupe, vainqueur,podium ,toucom, impression , gravure\" \/>\n<meta property=\"og:url\" content=\"https:\/\/toucom.eu\/index.php\/toucom-trophees-jemeppe-sure-meuse-seraing-trophees-medailles\/\" \/>\n<meta property=\"og:site_name\" content=\"Toucom\" \/>\n<meta property=\"article:publisher\" content=\"https:\/\/www.facebook.com\/toucom11\" \/>\n<meta property=\"article:modified_time\" content=\"2026-01-03T13:50:57+00:00\" \/>\n<meta property=\"og:image\" content=\"https:\/\/toucom.eu\/wp-content\/uploads\/2025\/07\/489921542_1097495525727422_2444467665413932260_n.jpg\" \/>\n\t<meta property=\"og:image:width\" content=\"1518\" \/>\n\t<meta property=\"og:image:height\" content=\"2048\" \/>\n\t<meta property=\"og:image:type\" content=\"image\/jpeg\" \/>\n<meta name=\"twitter:card\" content=\"summary_large_image\" \/>\n<meta name=\"twitter:label1\" content=\"Dur\u00e9e de lecture estim\u00e9e\" \/>\n\t<meta name=\"twitter:data1\" content=\"3 minutes\" \/>\n<script type=\"application\/ld+json\" class=\"yoast-schema-graph\">{\"@context\":\"https:\/\/schema.org\",\"@graph\":[{\"@type\":\"WebPage\",\"@id\":\"https:\/\/toucom.eu\/index.php\/toucom-trophees-jemeppe-sure-meuse-seraing-trophees-medailles\/\",\"url\":\"https:\/\/toucom.eu\/index.php\/toucom-trophees-jemeppe-sure-meuse-seraing-trophees-medailles\/\",\"name\":\"Troph\u00e9es , m\u00e9dailles,fanions,pin's,\u00e9charpe,... - Toucom\",\"isPartOf\":{\"@id\":\"https:\/\/toucom.eu\/#website\"},\"primaryImageOfPage\":{\"@id\":\"https:\/\/toucom.eu\/index.php\/toucom-trophees-jemeppe-sure-meuse-seraing-trophees-medailles\/#primaryimage\"},\"image\":{\"@id\":\"https:\/\/toucom.eu\/index.php\/toucom-trophees-jemeppe-sure-meuse-seraing-trophees-medailles\/#primaryimage\"},\"thumbnailUrl\":\"https:\/\/toucom.eu\/wp-content\/uploads\/2025\/07\/489921542_1097495525727422_2444467665413932260_n-759x1024.jpg\",\"datePublished\":\"2025-07-01T20:42:58+00:00\",\"dateModified\":\"2026-01-03T13:50:57+00:00\",\"description\":\"troph\u00e9es , m\u00e9dailles, coupe, vainqueur,podium ,toucom, impression , gravure\",\"breadcrumb\":{\"@id\":\"https:\/\/toucom.eu\/index.php\/toucom-trophees-jemeppe-sure-meuse-seraing-trophees-medailles\/#breadcrumb\"},\"inLanguage\":\"fr-FR\",\"potentialAction\":[{\"@type\":\"ReadAction\",\"target\":[\"https:\/\/toucom.eu\/index.php\/toucom-trophees-jemeppe-sure-meuse-seraing-trophees-medailles\/\"]}]},{\"@type\":\"ImageObject\",\"inLanguage\":\"fr-FR\",\"@id\":\"https:\/\/toucom.eu\/index.php\/toucom-trophees-jemeppe-sure-meuse-seraing-trophees-medailles\/#primaryimage\",\"url\":\"https:\/\/toucom.eu\/wp-content\/uploads\/2025\/07\/489921542_1097495525727422_2444467665413932260_n.jpg\",\"contentUrl\":\"https:\/\/toucom.eu\/wp-content\/uploads\/2025\/07\/489921542_1097495525727422_2444467665413932260_n.jpg\",\"width\":1518,\"height\":2048,\"caption\":\"toucom , troph\u00e9e coupe , fanion , \u00e9charpe\"},{\"@type\":\"BreadcrumbList\",\"@id\":\"https:\/\/toucom.eu\/index.php\/toucom-trophees-jemeppe-sure-meuse-seraing-trophees-medailles\/#breadcrumb\",\"itemListElement\":[{\"@type\":\"ListItem\",\"position\":1,\"name\":\"Accueil\",\"item\":\"https:\/\/toucom.eu\/\"},{\"@type\":\"ListItem\",\"position\":2,\"name\":\"Troph\u00e9es , m\u00e9dailles,fanions,pin&#8217;s,\u00e9charpe,&#8230;\"}]},{\"@type\":\"WebSite\",\"@id\":\"https:\/\/toucom.eu\/#website\",\"url\":\"https:\/\/toucom.eu\/\",\"name\":\"Toucom\",\"description\":\"impression , gravure ,troph\u00e9es,goodies ...\",\"publisher\":{\"@id\":\"https:\/\/toucom.eu\/#organization\"},\"potentialAction\":[{\"@type\":\"SearchAction\",\"target\":{\"@type\":\"EntryPoint\",\"urlTemplate\":\"https:\/\/toucom.eu\/?s={search_term_string}\"},\"query-input\":{\"@type\":\"PropertyValueSpecification\",\"valueRequired\":true,\"valueName\":\"search_term_string\"}}],\"inLanguage\":\"fr-FR\"},{\"@type\":\"Organization\",\"@id\":\"https:\/\/toucom.eu\/#organization\",\"name\":\"Toucom\",\"url\":\"https:\/\/toucom.eu\/\",\"logo\":{\"@type\":\"ImageObject\",\"inLanguage\":\"fr-FR\",\"@id\":\"https:\/\/toucom.eu\/#\/schema\/logo\/image\/\",\"url\":\"https:\/\/toucom.eu\/wp-content\/uploads\/2023\/04\/cropped-logo-colorA4-3.jpg\",\"contentUrl\":\"https:\/\/toucom.eu\/wp-content\/uploads\/2023\/04\/cropped-logo-colorA4-3.jpg\",\"width\":1239,\"height\":1239,\"caption\":\"Toucom\"},\"image\":{\"@id\":\"https:\/\/toucom.eu\/#\/schema\/logo\/image\/\"},\"sameAs\":[\"https:\/\/www.facebook.com\/toucom11\",\"https:\/\/www.instagram.com\/toucom1\/\"]}]}<\/script>\n<!-- \/ Yoast SEO plugin. -->","yoast_head_json":{"title":"Troph\u00e9es , m\u00e9dailles,fanions,pin's,\u00e9charpe,... - Toucom","description":"troph\u00e9es , m\u00e9dailles, coupe, vainqueur,podium ,toucom, impression , gravure","robots":{"index":"index","follow":"follow","max-snippet":"max-snippet:-1","max-image-preview":"max-image-preview:large","max-video-preview":"max-video-preview:-1"},"canonical":"https:\/\/toucom.eu\/index.php\/toucom-trophees-jemeppe-sure-meuse-seraing-trophees-medailles\/","og_locale":"fr_FR","og_type":"article","og_title":"Troph\u00e9es , m\u00e9dailles,fanions,pin's,\u00e9charpe,... - Toucom","og_description":"troph\u00e9es , m\u00e9dailles, coupe, vainqueur,podium ,toucom, impression , gravure","og_url":"https:\/\/toucom.eu\/index.php\/toucom-trophees-jemeppe-sure-meuse-seraing-trophees-medailles\/","og_site_name":"Toucom","article_publisher":"https:\/\/www.facebook.com\/toucom11","article_modified_time":"2026-01-03T13:50:57+00:00","og_image":[{"width":1518,"height":2048,"url":"https:\/\/toucom.eu\/wp-content\/uploads\/2025\/07\/489921542_1097495525727422_2444467665413932260_n.jpg","type":"image\/jpeg"}],"twitter_card":"summary_large_image","twitter_misc":{"Dur\u00e9e de lecture estim\u00e9e":"3 minutes"},"schema":{"@context":"https:\/\/schema.org","@graph":[{"@type":"WebPage","@id":"https:\/\/toucom.eu\/index.php\/toucom-trophees-jemeppe-sure-meuse-seraing-trophees-medailles\/","url":"https:\/\/toucom.eu\/index.php\/toucom-trophees-jemeppe-sure-meuse-seraing-trophees-medailles\/","name":"Troph\u00e9es , m\u00e9dailles,fanions,pin's,\u00e9charpe,... - Toucom","isPartOf":{"@id":"https:\/\/toucom.eu\/#website"},"primaryImageOfPage":{"@id":"https:\/\/toucom.eu\/index.php\/toucom-trophees-jemeppe-sure-meuse-seraing-trophees-medailles\/#primaryimage"},"image":{"@id":"https:\/\/toucom.eu\/index.php\/toucom-trophees-jemeppe-sure-meuse-seraing-trophees-medailles\/#primaryimage"},"thumbnailUrl":"https:\/\/toucom.eu\/wp-content\/uploads\/2025\/07\/489921542_1097495525727422_2444467665413932260_n-759x1024.jpg","datePublished":"2025-07-01T20:42:58+00:00","dateModified":"2026-01-03T13:50:57+00:00","description":"troph\u00e9es , m\u00e9dailles, coupe, vainqueur,podium ,toucom, impression , gravure","breadcrumb":{"@id":"https:\/\/toucom.eu\/index.php\/toucom-trophees-jemeppe-sure-meuse-seraing-trophees-medailles\/#breadcrumb"},"inLanguage":"fr-FR","potentialAction":[{"@type":"ReadAction","target":["https:\/\/toucom.eu\/index.php\/toucom-trophees-jemeppe-sure-meuse-seraing-trophees-medailles\/"]}]},{"@type":"ImageObject","inLanguage":"fr-FR","@id":"https:\/\/toucom.eu\/index.php\/toucom-trophees-jemeppe-sure-meuse-seraing-trophees-medailles\/#primaryimage","url":"https:\/\/toucom.eu\/wp-content\/uploads\/2025\/07\/489921542_1097495525727422_2444467665413932260_n.jpg","contentUrl":"https:\/\/toucom.eu\/wp-content\/uploads\/2025\/07\/489921542_1097495525727422_2444467665413932260_n.jpg","width":1518,"height":2048,"caption":"toucom , troph\u00e9e coupe , fanion , \u00e9charpe"},{"@type":"BreadcrumbList","@id":"https:\/\/toucom.eu\/index.php\/toucom-trophees-jemeppe-sure-meuse-seraing-trophees-medailles\/#breadcrumb","itemListElement":[{"@type":"ListItem","position":1,"name":"Accueil","item":"https:\/\/toucom.eu\/"},{"@type":"ListItem","position":2,"name":"Troph\u00e9es , m\u00e9dailles,fanions,pin&#8217;s,\u00e9charpe,&#8230;"}]},{"@type":"WebSite","@id":"https:\/\/toucom.eu\/#website","url":"https:\/\/toucom.eu\/","name":"Toucom","description":"impression , gravure ,troph\u00e9es,goodies ...","publisher":{"@id":"https:\/\/toucom.eu\/#organization"},"potentialAction":[{"@type":"SearchAction","target":{"@type":"EntryPoint","urlTemplate":"https:\/\/toucom.eu\/?s={search_term_string}"},"query-input":{"@type":"PropertyValueSpecification","valueRequired":true,"valueName":"search_term_string"}}],"inLanguage":"fr-FR"},{"@type":"Organization","@id":"https:\/\/toucom.eu\/#organization","name":"Toucom","url":"https:\/\/toucom.eu\/","logo":{"@type":"ImageObject","inLanguage":"fr-FR","@id":"https:\/\/toucom.eu\/#\/schema\/logo\/image\/","url":"https:\/\/toucom.eu\/wp-content\/uploads\/2023\/04\/cropped-logo-colorA4-3.jpg","contentUrl":"https:\/\/toucom.eu\/wp-content\/uploads\/2023\/04\/cropped-logo-colorA4-3.jpg","width":1239,"height":1239,"caption":"Toucom"},"image":{"@id":"https:\/\/toucom.eu\/#\/schema\/logo\/image\/"},"sameAs":["https:\/\/www.facebook.com\/toucom11","https:\/\/www.instagram.com\/toucom1\/"]}]}},"jetpack_sharing_enabled":true,"_links":{"self":[{"href":"https:\/\/toucom.eu\/index.php\/wp-json\/wp\/v2\/pages\/1418","targetHints":{"allow":["GET"]}}],"collection":[{"href":"https:\/\/toucom.eu\/index.php\/wp-json\/wp\/v2\/pages"}],"about":[{"href":"https:\/\/toucom.eu\/index.php\/wp-json\/wp\/v2\/types\/page"}],"author":[{"embeddable":true,"href":"https:\/\/toucom.eu\/index.php\/wp-json\/wp\/v2\/users\/1"}],"replies":[{"embeddable":true,"href":"https:\/\/toucom.eu\/index.php\/wp-json\/wp\/v2\/comments?post=1418"}],"version-history":[{"count":5,"href":"https:\/\/toucom.eu\/index.php\/wp-json\/wp\/v2\/pages\/1418\/revisions"}],"predecessor-version":[{"id":1511,"href":"https:\/\/toucom.eu\/index.php\/wp-json\/wp\/v2\/pages\/1418\/revisions\/1511"}],"wp:attachment":[{"href":"https:\/\/toucom.eu\/index.php\/wp-json\/wp\/v2\/media?parent=1418"}],"curies":[{"name":"wp","href":"https:\/\/api.w.org\/{rel}","templated":true}]}}